{"id":347,"date":"2023-01-04T22:34:29","date_gmt":"2023-01-04T21:34:29","guid":{"rendered":"https:\/\/rossetto-couvreur.fr\/?page_id=347"},"modified":"2025-11-19T23:56:58","modified_gmt":"2025-11-19T22:56:58","slug":"mentions-legales","status":"publish","type":"page","link":"https:\/\/rossetto-couvreur.fr\/index.php\/mentions-legales\/","title":{"rendered":"Mentions l\u00e9gales"},"content":{"rendered":"\t\t<div data-elementor-type=\"wp-page\" data-elementor-id=\"347\" class=\"elementor elementor-347\">\n\t\t\t\t\t\t<section class=\"elementor-section elementor-top-section elementor-element elementor-element-1f517c0 elementor-section-boxed elementor-section-height-default elementor-section-height-default\" data-id=\"1f517c0\" data-element_type=\"section\" data-e-type=\"section\">\n\t\t\t\t\t\t<div class=\"elementor-container elementor-column-gap-default\">\n\t\t\t\t\t<div class=\"elementor-column elementor-col-100 elementor-top-column elementor-element elementor-element-1c5cd18\" data-id=\"1c5cd18\" data-element_type=\"column\" data-e-type=\"column\">\n\t\t\t<div class=\"elementor-widget-wrap elementor-element-populated\">\n\t\t\t\t\t\t<div class=\"elementor-element elementor-element-be002df elementor-widget elementor-widget-heading\" data-id=\"be002df\" data-element_type=\"widget\" data-e-type=\"widget\" data-widget_type=\"heading.default\">\n\t\t\t\t<div class=\"elementor-widget-container\">\n\t\t\t\t\t<h2 class=\"elementor-heading-title elementor-size-default\"><p dir=\"ltr\" style=\"margin-top: 0pt;margin-bottom: 0pt;font-size: 14px;white-space: normal;line-height: 1.38\"><span style=\"font-size: 24pt;font-family: Calibri, sans-serif;background-color: transparent;font-weight: bold;vertical-align: baseline;white-space: pre-wrap\">MENTIONS L\u00c9GALES<\/span><span style=\"color: inherit;font-size: 37px;white-space: pre-wrap\"><\/span><\/p><\/h2>\t\t\t\t<\/div>\n\t\t\t\t<\/div>\n\t\t\t\t\t<\/div>\n\t\t<\/div>\n\t\t\t\t\t<\/div>\n\t\t<\/section>\n\t\t\t\t<section class=\"elementor-section elementor-top-section elementor-element elementor-element-7c0cb9a elementor-section-boxed elementor-section-height-default elementor-section-height-default\" data-id=\"7c0cb9a\" data-element_type=\"section\" data-e-type=\"section\">\n\t\t\t\t\t\t<div class=\"elementor-container elementor-column-gap-default\">\n\t\t\t\t\t<div class=\"elementor-column elementor-col-100 elementor-top-column elementor-element elementor-element-3d03e32\" data-id=\"3d03e32\" data-element_type=\"column\" data-e-type=\"column\">\n\t\t\t<div class=\"elementor-widget-wrap elementor-element-populated\">\n\t\t\t\t\t\t<div class=\"elementor-element elementor-element-c795fec elementor-widget elementor-widget-text-editor\" data-id=\"c795fec\" data-element_type=\"widget\" data-e-type=\"widget\" data-widget_type=\"text-editor.default\">\n\t\t\t\t<div class=\"elementor-widget-container\">\n\t\t\t\t\t\t\t\t\t<p dir=\"ltr\" style=\"line-height: 1.3800000000000001; text-align: center; margin-top: 0pt; margin-bottom: 0pt;\"><span style=\"font-size: inherit;\">&nbsp;<\/span><\/p>\n<p dir=\"ltr\" style=\"line-height: 1.3800000000000001; text-align: justify; margin-top: 0pt; margin-bottom: 0pt;\"><span style=\"font-size: 12pt; font-family: Calibri,sans-serif; color: #000000; background-color: #ffffff; font-weight: 400; font-style: normal; font-variant: normal; text-decoration: none; vertical-align: baseline; white-space: pre-wrap;\">Conform\u00e9ment aux dispositions de la loi n\u00b0 2004-575 du 21 juin 2004 pour la confiance en l&rsquo;\u00e9conomie num\u00e9rique, il est pr\u00e9cis\u00e9 aux utilisateurs du site Rossetto Couvreur l&rsquo;identit\u00e9 des diff\u00e9rents intervenants dans le cadre de sa r\u00e9alisation et de son suivi.<\/span><\/p>\n<p><b style=\"font-weight: normal;\">&nbsp;<\/b><\/p>\n<p dir=\"ltr\" style=\"line-height: 1.3800000000000001; text-align: justify; margin-top: 0pt; margin-bottom: 0pt;\"><span style=\"font-size: 18pt; font-family: Calibri,sans-serif; color: #000000; background-color: transparent; font-weight: bold; font-style: normal; font-variant: normal; text-decoration: none; vertical-align: baseline; white-space: pre-wrap;\">Edition du site&nbsp;<\/span><\/p>\n<p><b style=\"font-weight: normal;\">&nbsp;<\/b><\/p>\n<p dir=\"ltr\" style=\"line-height: 1.3800000000000001; text-indent: 36pt; text-align: justify; margin-top: 0pt; margin-bottom: 0pt;\"><span style=\"font-size: 12pt; font-family: Calibri,sans-serif; color: #000000; background-color: transparent; font-weight: 400; font-style: normal; font-variant: normal; text-decoration: none; vertical-align: baseline; white-space: pre-wrap;\">Le pr\u00e9sent site, accessible \u00e0 l\u2019URL https:\/\/rossetto-couvreur.fr (le \u00ab Site \u00bb), est \u00e9dit\u00e9 par :<\/span><\/p>\n<p><b style=\"font-weight: normal;\">&nbsp;<\/b><\/p>\n<p dir=\"ltr\" style=\"line-height: 1.3800000000000001; margin-left: 36pt; text-align: justify; margin-top: 0pt; margin-bottom: 0pt;\"><span style=\"font-size: 12pt; font-family: Calibri,sans-serif; color: #000000; background-color: transparent; font-weight: 400; font-style: normal; font-variant: normal; text-decoration: none; vertical-align: baseline; white-space: pre-wrap;\">Nicolas Rossetto entrepreneur individuel, r\u00e9sidant 14 ROUTE NATIONALE 95420 ARTHIES, de nationalit\u00e9 Fran\u00e7aise (France), inscrit au R.C.S. de VERSAILLES sous le num\u00e9ro Versailles A 900 799 461.<\/span><\/p>\n<p dir=\"ltr\" style=\"line-height: 1.3800000000000001; margin-left: 36pt; text-align: justify; margin-top: 0pt; margin-bottom: 0pt;\"><span style=\"font-size: 12pt; font-family: Calibri,sans-serif; color: #000000; background-color: transparent; font-weight: 400; font-style: normal; font-variant: normal; text-decoration: none; vertical-align: baseline; white-space: pre-wrap;\">&nbsp;<\/span><\/p>\n<p dir=\"ltr\" style=\"line-height: 1.3800000000000001; margin-left: 36pt; text-align: justify; margin-top: 0pt; margin-bottom: 0pt;\"><span style=\"font-size: 12pt; font-family: Calibri,sans-serif; color: #000000; background-color: transparent; font-weight: 400; font-style: normal; font-variant: normal; text-decoration: none; vertical-align: baseline; white-space: pre-wrap;\">Num\u00e9ro d&rsquo;identification \u00e0 la TVA : FR26900799461<\/span><\/p>\n<p dir=\"ltr\" style=\"line-height: 1.3800000000000001; margin-left: 36pt; text-align: justify; margin-top: 0pt; margin-bottom: 0pt;\">\n<\/p><p dir=\"ltr\" style=\"line-height: 1.3800000000000001; text-align: justify; margin-top: 0pt; margin-bottom: 0pt;\"><span style=\"font-size: 18pt; font-family: Calibri,sans-serif; color: #000000; background-color: transparent; font-weight: bold; font-style: normal; font-variant: normal; text-decoration: none; vertical-align: baseline; white-space: pre-wrap;\">H\u00e9bergement<\/span><\/p>\n<p dir=\"ltr\" style=\"line-height: 1.3800000000000001; margin-left: 36pt; text-align: justify; margin-top: 0pt; margin-bottom: 0pt;\"><span style=\"font-size: 12pt; font-family: Calibri,sans-serif; color: #000000; background-color: transparent; font-weight: 400; font-style: normal; font-variant: normal; text-decoration: none; vertical-align: baseline; white-space: pre-wrap;\"><br><\/span><span style=\"font-size: 12pt; font-family: Calibri,sans-serif; color: #000000; background-color: transparent; font-weight: 400; font-style: normal; font-variant: normal; text-decoration: none; vertical-align: baseline; white-space: pre-wrap;\">Le Site est h\u00e9berg\u00e9 par la soci\u00e9t\u00e9 OVH SAS, situ\u00e9 2 rue Kellermann &#8211; BP 80157 &#8211; 59053 Roubaix Cedex 1, (contact t\u00e9l\u00e9phonique ou email : 1007).<\/span><\/p>\n<p><b style=\"font-weight: normal;\">&nbsp;<\/b><\/p>\n<p dir=\"ltr\" style=\"line-height: 1.3800000000000001; text-align: justify; margin-top: 0pt; margin-bottom: 0pt;\"><span style=\"font-size: 18pt; font-family: Calibri,sans-serif; color: #000000; background-color: transparent; font-weight: bold; font-style: normal; font-variant: normal; text-decoration: none; vertical-align: baseline; white-space: pre-wrap;\">Directeur de publication&nbsp;<\/span><\/p>\n<p dir=\"ltr\" style=\"line-height: 1.3800000000000001; margin-left: 36pt; text-align: justify; margin-top: 0pt; margin-bottom: 0pt;\"><span style=\"font-size: 12pt; font-family: Calibri,sans-serif; color: #000000; background-color: transparent; font-weight: 400; font-style: normal; font-variant: normal; text-decoration: none; vertical-align: baseline; white-space: pre-wrap;\"><br><\/span><span style=\"font-size: 12pt; font-family: Calibri,sans-serif; color: #000000; background-color: transparent; font-weight: 400; font-style: normal; font-variant: normal; text-decoration: none; vertical-align: baseline; white-space: pre-wrap;\">Le Directeur de la publication du Site est Nicolas Rossetto.<\/span><\/p>\n<p><b style=\"font-weight: normal;\">&nbsp;<\/b><\/p>\n<p dir=\"ltr\" style=\"line-height: 1.3800000000000001; text-align: justify; margin-top: 0pt; margin-bottom: 0pt;\"><span style=\"font-size: 18pt; font-family: Calibri,sans-serif; color: #000000; background-color: transparent; font-weight: bold; font-style: normal; font-variant: normal; text-decoration: none; vertical-align: baseline; white-space: pre-wrap;\">Nous contacter&nbsp;<\/span><\/p>\n<p dir=\"ltr\" style=\"line-height: 1.3800000000000001; margin-left: 36pt; text-align: justify; margin-top: 0pt; margin-bottom: 0pt;\"><span style=\"font-size: 12pt; font-family: Calibri,sans-serif; color: #000000; background-color: transparent; font-weight: 400; font-style: normal; font-variant: normal; text-decoration: none; vertical-align: baseline; white-space: pre-wrap;\"><br><\/span><span style=\"font-size: 12pt; font-family: Calibri,sans-serif; color: #000000; background-color: transparent; font-weight: 400; font-style: normal; font-variant: normal; text-decoration: none; vertical-align: baseline; white-space: pre-wrap;\">Par t\u00e9l\u00e9phone&nbsp;: +33626624879<\/span><\/p>\n<p dir=\"ltr\" style=\"line-height: 1.3800000000000001; margin-left: 36pt; text-align: justify; margin-top: 0pt; margin-bottom: 0pt;\"><span style=\"font-size: 12pt; font-family: Calibri,sans-serif; color: #000000; background-color: transparent; font-weight: 400; font-style: normal; font-variant: normal; text-decoration: none; vertical-align: baseline; white-space: pre-wrap;\">Par email&nbsp;: <\/span><span style=\"text-align: left; white-space-collapse: preserve;\"><font color=\"#000000\" face=\"Calibri, sans-serif\">contact@rossetto-couvreur.fr<\/font><\/span><\/p>\n<p dir=\"ltr\" style=\"line-height: 1.3800000000000001; margin-left: 36pt; text-align: justify; margin-top: 0pt; margin-bottom: 0pt;\"><span style=\"font-size: 12pt; font-family: Calibri,sans-serif; color: #000000; background-color: transparent; font-weight: 400; font-style: normal; font-variant: normal; text-decoration: none; vertical-align: baseline; white-space: pre-wrap;\">Par courrier&nbsp;: <\/span><span style=\"color: rgb(0, 0, 0); font-family: Calibri, sans-serif; font-size: 16px; white-space-collapse: preserve;\">14 ROUTE NATIONALE 95420 ARTHIES<\/span><\/p>\n<p><b style=\"font-weight: normal;\">&nbsp;<\/b><\/p>\n<p dir=\"ltr\" style=\"line-height: 1.3800000000000001; text-align: justify; margin-top: 0pt; margin-bottom: 0pt;\"><span style=\"font-size: 18pt; font-family: Calibri,sans-serif; color: #000000; background-color: transparent; font-weight: bold; font-style: normal; font-variant: normal; text-decoration: none; vertical-align: baseline; white-space: pre-wrap;\">Donn\u00e9es personnelles<\/span><\/p>\n<p dir=\"ltr\" style=\"line-height: 1.3800000000000001; margin-left: 36pt; text-align: justify; margin-top: 0pt; margin-bottom: 0pt;\"><span style=\"font-size: 12pt; font-family: Calibri,sans-serif; color: #000000; background-color: transparent; font-weight: 400; font-style: normal; font-variant: normal; text-decoration: none; vertical-align: baseline; white-space: pre-wrap;\">Le traitement de vos donn\u00e9es \u00e0 caract\u00e8re personnel est r\u00e9gi par notre Charte du respect de la vie priv\u00e9e, disponible depuis la section \u00ab\u00a0Charte de Protection des Donn\u00e9es Personnelles\u00a0\u00bb, conform\u00e9ment au R\u00e8glement G\u00e9n\u00e9ral sur la Protection des Donn\u00e9es 2016\/679 du 27 avril 2016 (\u00abRGPD\u00bb).<\/span><\/p>\t\t\t\t\t\t\t\t<\/div>\n\t\t\t\t<\/div>\n\t\t\t\t\t<\/div>\n\t\t<\/div>\n\t\t\t\t\t<\/div>\n\t\t<\/section>\n\t\t\t\t<\/div>\n\t\t","protected":false},"excerpt":{"rendered":"<p>MENTIONS L\u00c9GALES &nbsp; Conform\u00e9ment aux dispositions de la loi n\u00b0 2004-575 du 21 juin 2004 pour la confiance en l&rsquo;\u00e9conomie num\u00e9rique, il est pr\u00e9cis\u00e9 aux utilisateurs du site Rossetto Couvreur l&rsquo;identit\u00e9 des diff\u00e9rents intervenants dans le cadre de sa r\u00e9alisation et de son suivi. &nbsp; Edition du site&nbsp; &nbsp; Le pr\u00e9sent site, accessible \u00e0 l\u2019URL [&hellip;]<\/p>\n","protected":false},"author":1,"featured_media":0,"parent":0,"menu_order":0,"comment_status":"closed","ping_status":"closed","template":"","meta":{"footnotes":""},"class_list":["post-347","page","type-page","status-publish","hentry"],"yoast_head":"<!-- This site is optimized with the Yoast SEO plugin v21.6 - https:\/\/yoast.com\/wordpress\/plugins\/seo\/ -->\n<title>Mentions l\u00e9gales - Rossetto couvreur<\/title>\n<meta name=\"robots\" content=\"index, follow, max-snippet:-1, max-image-preview:large, max-video-preview:-1\" \/>\n<link rel=\"canonical\" href=\"https:\/\/rossetto-couvreur.fr\/index.php\/mentions-legales\/\" \/>\n<meta property=\"og:locale\" content=\"fr_FR\" \/>\n<meta property=\"og:type\" content=\"article\" \/>\n<meta property=\"og:title\" content=\"Mentions l\u00e9gales - Rossetto couvreur\" \/>\n<meta property=\"og:description\" content=\"MENTIONS L\u00c9GALES &nbsp; Conform\u00e9ment aux dispositions de la loi n\u00b0 2004-575 du 21 juin 2004 pour la confiance en l&rsquo;\u00e9conomie num\u00e9rique, il est pr\u00e9cis\u00e9 aux utilisateurs du site Rossetto Couvreur l&rsquo;identit\u00e9 des diff\u00e9rents intervenants dans le cadre de sa r\u00e9alisation et de son suivi. &nbsp; Edition du site&nbsp; &nbsp; Le pr\u00e9sent site, accessible \u00e0 l\u2019URL [&hellip;]\" \/>\n<meta property=\"og:url\" content=\"https:\/\/rossetto-couvreur.fr\/index.php\/mentions-legales\/\" \/>\n<meta property=\"og:site_name\" content=\"Rossetto couvreur\" \/>\n<meta property=\"article:modified_time\" content=\"2025-11-19T22:56:58+00:00\" \/>\n<meta name=\"twitter:card\" content=\"summary_large_image\" \/>\n<meta name=\"twitter:label1\" content=\"Dur\u00e9e de lecture estim\u00e9e\" \/>\n\t<meta name=\"twitter:data1\" content=\"1 minute\" \/>\n<script type=\"application\/ld+json\" class=\"yoast-schema-graph\">{\"@context\":\"https:\/\/schema.org\",\"@graph\":[{\"@type\":\"WebPage\",\"@id\":\"https:\/\/rossetto-couvreur.fr\/index.php\/mentions-legales\/\",\"url\":\"https:\/\/rossetto-couvreur.fr\/index.php\/mentions-legales\/\",\"name\":\"Mentions l\u00e9gales - Rossetto couvreur\",\"isPartOf\":{\"@id\":\"https:\/\/rossetto-couvreur.fr\/#website\"},\"datePublished\":\"2023-01-04T21:34:29+00:00\",\"dateModified\":\"2025-11-19T22:56:58+00:00\",\"breadcrumb\":{\"@id\":\"https:\/\/rossetto-couvreur.fr\/index.php\/mentions-legales\/#breadcrumb\"},\"inLanguage\":\"fr-FR\",\"potentialAction\":[{\"@type\":\"ReadAction\",\"target\":[\"https:\/\/rossetto-couvreur.fr\/index.php\/mentions-legales\/\"]}]},{\"@type\":\"BreadcrumbList\",\"@id\":\"https:\/\/rossetto-couvreur.fr\/index.php\/mentions-legales\/#breadcrumb\",\"itemListElement\":[{\"@type\":\"ListItem\",\"position\":1,\"name\":\"Accueil\",\"item\":\"https:\/\/rossetto-couvreur.fr\/\"},{\"@type\":\"ListItem\",\"position\":2,\"name\":\"Mentions l\u00e9gales\"}]},{\"@type\":\"WebSite\",\"@id\":\"https:\/\/rossetto-couvreur.fr\/#website\",\"url\":\"https:\/\/rossetto-couvreur.fr\/\",\"name\":\"Rossetto couvreur\",\"description\":\"\",\"potentialAction\":[{\"@type\":\"SearchAction\",\"target\":{\"@type\":\"EntryPoint\",\"urlTemplate\":\"https:\/\/rossetto-couvreur.fr\/?s={search_term_string}\"},\"query-input\":\"required name=search_term_string\"}],\"inLanguage\":\"fr-FR\"}]}<\/script>\n<!-- \/ Yoast SEO plugin. -->","yoast_head_json":{"title":"Mentions l\u00e9gales - Rossetto couvreur","robots":{"index":"index","follow":"follow","max-snippet":"max-snippet:-1","max-image-preview":"max-image-preview:large","max-video-preview":"max-video-preview:-1"},"canonical":"https:\/\/rossetto-couvreur.fr\/index.php\/mentions-legales\/","og_locale":"fr_FR","og_type":"article","og_title":"Mentions l\u00e9gales - Rossetto couvreur","og_description":"MENTIONS L\u00c9GALES &nbsp; Conform\u00e9ment aux dispositions de la loi n\u00b0 2004-575 du 21 juin 2004 pour la confiance en l&rsquo;\u00e9conomie num\u00e9rique, il est pr\u00e9cis\u00e9 aux utilisateurs du site Rossetto Couvreur l&rsquo;identit\u00e9 des diff\u00e9rents intervenants dans le cadre de sa r\u00e9alisation et de son suivi. &nbsp; Edition du site&nbsp; &nbsp; Le pr\u00e9sent site, accessible \u00e0 l\u2019URL [&hellip;]","og_url":"https:\/\/rossetto-couvreur.fr\/index.php\/mentions-legales\/","og_site_name":"Rossetto couvreur","article_modified_time":"2025-11-19T22:56:58+00:00","twitter_card":"summary_large_image","twitter_misc":{"Dur\u00e9e de lecture estim\u00e9e":"1 minute"},"schema":{"@context":"https:\/\/schema.org","@graph":[{"@type":"WebPage","@id":"https:\/\/rossetto-couvreur.fr\/index.php\/mentions-legales\/","url":"https:\/\/rossetto-couvreur.fr\/index.php\/mentions-legales\/","name":"Mentions l\u00e9gales - Rossetto couvreur","isPartOf":{"@id":"https:\/\/rossetto-couvreur.fr\/#website"},"datePublished":"2023-01-04T21:34:29+00:00","dateModified":"2025-11-19T22:56:58+00:00","breadcrumb":{"@id":"https:\/\/rossetto-couvreur.fr\/index.php\/mentions-legales\/#breadcrumb"},"inLanguage":"fr-FR","potentialAction":[{"@type":"ReadAction","target":["https:\/\/rossetto-couvreur.fr\/index.php\/mentions-legales\/"]}]},{"@type":"BreadcrumbList","@id":"https:\/\/rossetto-couvreur.fr\/index.php\/mentions-legales\/#breadcrumb","itemListElement":[{"@type":"ListItem","position":1,"name":"Accueil","item":"https:\/\/rossetto-couvreur.fr\/"},{"@type":"ListItem","position":2,"name":"Mentions l\u00e9gales"}]},{"@type":"WebSite","@id":"https:\/\/rossetto-couvreur.fr\/#website","url":"https:\/\/rossetto-couvreur.fr\/","name":"Rossetto couvreur","description":"","potentialAction":[{"@type":"SearchAction","target":{"@type":"EntryPoint","urlTemplate":"https:\/\/rossetto-couvreur.fr\/?s={search_term_string}"},"query-input":"required name=search_term_string"}],"inLanguage":"fr-FR"}]}},"_links":{"self":[{"href":"https:\/\/rossetto-couvreur.fr\/index.php\/wp-json\/wp\/v2\/pages\/347","targetHints":{"allow":["GET"]}}],"collection":[{"href":"https:\/\/rossetto-couvreur.fr\/index.php\/wp-json\/wp\/v2\/pages"}],"about":[{"href":"https:\/\/rossetto-couvreur.fr\/index.php\/wp-json\/wp\/v2\/types\/page"}],"author":[{"embeddable":true,"href":"https:\/\/rossetto-couvreur.fr\/index.php\/wp-json\/wp\/v2\/users\/1"}],"replies":[{"embeddable":true,"href":"https:\/\/rossetto-couvreur.fr\/index.php\/wp-json\/wp\/v2\/comments?post=347"}],"version-history":[{"count":19,"href":"https:\/\/rossetto-couvreur.fr\/index.php\/wp-json\/wp\/v2\/pages\/347\/revisions"}],"predecessor-version":[{"id":4928,"href":"https:\/\/rossetto-couvreur.fr\/index.php\/wp-json\/wp\/v2\/pages\/347\/revisions\/4928"}],"wp:attachment":[{"href":"https:\/\/rossetto-couvreur.fr\/index.php\/wp-json\/wp\/v2\/media?parent=347"}],"curies":[{"name":"wp","href":"https:\/\/api.w.org\/{rel}","templated":true}]}}