{"id":4673,"date":"2024-02-15T10:16:49","date_gmt":"2024-02-15T09:16:49","guid":{"rendered":"https:\/\/rossetto-couvreur.fr\/?page_id=4673"},"modified":"2025-03-16T21:09:39","modified_gmt":"2025-03-16T20:09:39","slug":"realisations-zinguerie","status":"publish","type":"page","link":"https:\/\/rossetto-couvreur.fr\/index.php\/realisations-zinguerie\/","title":{"rendered":"R\u00e9alisations zinguerie"},"content":{"rendered":"\t\t<div data-elementor-type=\"wp-page\" data-elementor-id=\"4673\" class=\"elementor elementor-4673\">\n\t\t\t\t\t\t<section class=\"elementor-section elementor-top-section elementor-element elementor-element-43d7812 elementor-section-full_width elementor-section-height-default elementor-section-height-default\" data-id=\"43d7812\" data-element_type=\"section\" data-e-type=\"section\">\n\t\t\t\t\t\t<div class=\"elementor-container elementor-column-gap-default\">\n\t\t\t\t\t<div class=\"elementor-column elementor-col-100 elementor-top-column elementor-element elementor-element-06314cc\" data-id=\"06314cc\" data-element_type=\"column\" data-e-type=\"column\">\n\t\t\t<div class=\"elementor-widget-wrap elementor-element-populated\">\n\t\t\t\t\t\t<div class=\"elementor-element elementor-element-74bc177 elementor-widget elementor-widget-roofplan_h1_gallery\" data-id=\"74bc177\" data-element_type=\"widget\" data-e-type=\"widget\" data-widget_type=\"roofplan_h1_gallery.default\">\n\t\t\t\t<div class=\"elementor-widget-container\">\n\t\t\t\t\t\t\t\n\n     <script>\n jQuery(document).ready(function($) {\n\n\/\/put the js code under this line \n\n\/\/ One Item Carousel\nif ($(\".one-item-carousel\").length) {\n    $(\".one-item-carousel\").owlCarousel({\n        loop: true,\n        margin: 30,\n        dots: false,\n        nav: true,\n        stagePadding: 0,\n        singleItem:true,\n        smartSpeed: 500,\n        autoplay: true,\n        autoplayTimeout:6000,\n        responsive:{\n            0:{\n                items:1\n            },\n            768:{\n                items:1\n            },\n            850:{\n                items:1\n            },\n            991:{\n                items:2\n            },\n            1300:{\n                items:3\n            },\n            1700:{\n                items:4\n            }\n        }\n    });    \t\t\n}\n\n\/\/put the code above the line \n\n      });\n  <\/script>        \n\t\t<!--Start Project Style1 Area-->\n\t\t<section class=\"project-style1-area \">\n\t\t\t<div class=\"container\">\n\t\t\t\t<div class=\"row\">\n\t\t\t\t\t<div class=\"col-xl-12\">\n\t\t\t\t\t\t<div class=\"project-top-title\">\n\t\t\t\t\t\t\t\t\t\t\t\t\t<\/div>\n\t\t\t\t\t<\/div>\n\t\t\t\t<\/div>\n\t\t\t<\/div>\n\n\t\t\t<div class=\"auto-container\">\n\t\t\t\t<div class=\"row\">\n\t\t\t\t\t<div class=\"col-xl-12\">\n\t\t\t\t\t\t<div class=\"owl-carousel owl-theme one-item-carousel owl-nav-style-one project-style1-carousel\">\n\t\t\t\t\t\t<!--Start Item-->\n\t\t\t\t\t\t<div class=\"item\">\n\t\t\t\t\t\t\t\t\t\t\t\t\t\t<!--Start Single Gallery Item-->\n\t\t\t\t\t\t\t<div class=\"single-project-item\">\n\t\t\t\t\t\t\t\t<div class=\"img-holder\">\n\t\t\t\t\t\t\t\t\t<img decoding=\"async\" src=\"https:\/\/rossetto-couvreur.fr\/wp-content\/uploads\/2024\/02\/IMG_9045-e1707994027942.png\" alt=\"\">\n\t\t\t\t\t\t\t\t\t<div class=\"overlay-content text-center\">\n\t\t\t\t\t\t\t\t\t\t<div class=\"zoom-button\">\n\t\t\t\t\t\t\t\t\t\t\t<a class=\"lightbox-image\" data-fancybox=\"gallery\" href=\"https:\/\/rossetto-couvreur.fr\/wp-content\/uploads\/2024\/02\/IMG_9045-e1707994027942.png\">\n\t\t\t\t\t\t\t\t\t\t\t\t<i class=\"flaticon-plus\"><\/i>\n\t\t\t\t\t\t\t\t\t\t\t<\/a>\n\t\t\t\t\t\t\t\t\t\t<\/div>\n\t\t\t\t\t\t\t\t\t\t<div class=\"inner\">\n\t\t\t\t\t\t\t\t\t\t\t<h4><a href=\"\">Zinguerie<\/a><\/h4>\n\t\t\t\t\t\t\t\t\t\t\t<p>Remplacement des goutti\u00e8res sur une ancienne couverture en zinc.\n<\/p>\n\t\t\t\t\t\t\t\t\t\t<\/div>\n\t\t\t\t\t\t\t\t\t<\/div>\n\t\t\t\t\t\t\t\t<\/div>    \n\t\t\t\t\t\t\t<\/div>\n\t\t\t\t\t\t\t<!--End Single Gallery Item-->\n\t\t\t\t\t\t\t\t\t\t\t\t\t\t<!--Start Single Gallery Item-->\n\t\t\t\t\t\t\t<div class=\"single-project-item\">\n\t\t\t\t\t\t\t\t<div class=\"img-holder\">\n\t\t\t\t\t\t\t\t\t<img decoding=\"async\" src=\"https:\/\/rossetto-couvreur.fr\/wp-content\/uploads\/2024\/02\/IMG_8920.png\" alt=\"\">\n\t\t\t\t\t\t\t\t\t<div class=\"overlay-content text-center\">\n\t\t\t\t\t\t\t\t\t\t<div class=\"zoom-button\">\n\t\t\t\t\t\t\t\t\t\t\t<a class=\"lightbox-image\" data-fancybox=\"gallery\" href=\"https:\/\/rossetto-couvreur.fr\/wp-content\/uploads\/2024\/02\/IMG_8920.png\">\n\t\t\t\t\t\t\t\t\t\t\t\t<i class=\"flaticon-plus\"><\/i>\n\t\t\t\t\t\t\t\t\t\t\t<\/a>\n\t\t\t\t\t\t\t\t\t\t<\/div>\n\t\t\t\t\t\t\t\t\t\t<div class=\"inner\">\n\t\t\t\t\t\t\t\t\t\t\t<h4><a href=\"\">Zinguerie<\/a><\/h4>\n\t\t\t\t\t\t\t\t\t\t\t<p>Entourage de chemin\u00e9e en plomb sur demande du client<\/p>\n\t\t\t\t\t\t\t\t\t\t<\/div>\n\t\t\t\t\t\t\t\t\t<\/div>\n\t\t\t\t\t\t\t\t<\/div>    \n\t\t\t\t\t\t\t<\/div>\n\t\t\t\t\t\t\t<!--End Single Gallery Item-->\n\t\t\t\t\t\t\t\t\t\t\t\t\t<\/div>\n\t\t\t\t\t\t<!--End Item-->\n\n\t\t\t\t\t\t<!--Start Item-->\n\t\t\t\t\t\t<div class=\"item\">\n\t\t\t\t\t\t\n\t\t\t\t\t\t\t\t\t\t\t\t\t\t<!--Start Single Gallery Item-->\n\t\t\t\t\t\t\t<div class=\"single-project-item\">\n\t\t\t\t\t\t\t\t<div class=\"img-holder\">\n\t\t\t\t\t\t\t\t\t<img decoding=\"async\" src=\"https:\/\/rossetto-couvreur.fr\/wp-content\/uploads\/2024\/02\/IMG_8667-e1707993927603.jpeg\" alt=\"\">\n\t\t\t\t\t\t\t\t\t<div class=\"overlay-content text-center\">\n\t\t\t\t\t\t\t\t\t\t<div class=\"zoom-button\">\n\t\t\t\t\t\t\t\t\t\t\t<a class=\"lightbox-image\" data-fancybox=\"gallery\" href=\"https:\/\/rossetto-couvreur.fr\/wp-content\/uploads\/2024\/02\/IMG_8667-e1707993927603.jpeg\">\n\t\t\t\t\t\t\t\t\t\t\t\t<i class=\"flaticon-plus\"><\/i>\n\t\t\t\t\t\t\t\t\t\t\t<\/a>\n\t\t\t\t\t\t\t\t\t\t<\/div>\n\t\t\t\t\t\t\t\t\t\t<div class=\"inner\">\n\t\t\t\t\t\t\t\t\t\t\t<h4><a href=\"\">Zinguerie<\/a><\/h4>\n\t\t\t\t\t\t\t\t\t\t\t<p>Installation traditionnelle d'un entourage de chemin\u00e9e en zinc sur ardoise, avec solin en mortier.<\/p>\n\t\t\t\t\t\t\t\t\t\t<\/div>\n\t\t\t\t\t\t\t\t\t<\/div>\n\t\t\t\t\t\t\t\t<\/div>    \n\t\t\t\t\t\t\t<\/div>\n\t\t\t\t\t\t\t<!--End Single Gallery Item-->\n\t\t\t\t\t\t\t\t\t\t\t\t\t\t<!--Start Single Gallery Item-->\n\t\t\t\t\t\t\t<div class=\"single-project-item\">\n\t\t\t\t\t\t\t\t<div class=\"img-holder\">\n\t\t\t\t\t\t\t\t\t<img decoding=\"async\" src=\"https:\/\/rossetto-couvreur.fr\/wp-content\/uploads\/2024\/02\/lucarne-zinc.jpg\" alt=\"\">\n\t\t\t\t\t\t\t\t\t<div class=\"overlay-content text-center\">\n\t\t\t\t\t\t\t\t\t\t<div class=\"zoom-button\">\n\t\t\t\t\t\t\t\t\t\t\t<a class=\"lightbox-image\" data-fancybox=\"gallery\" href=\"https:\/\/rossetto-couvreur.fr\/wp-content\/uploads\/2024\/02\/lucarne-zinc.jpg\">\n\t\t\t\t\t\t\t\t\t\t\t\t<i class=\"flaticon-plus\"><\/i>\n\t\t\t\t\t\t\t\t\t\t\t<\/a>\n\t\t\t\t\t\t\t\t\t\t<\/div>\n\t\t\t\t\t\t\t\t\t\t<div class=\"inner\">\n\t\t\t\t\t\t\t\t\t\t\t<h4><a href=\"\">Zinguerie<\/a><\/h4>\n\t\t\t\t\t\t\t\t\t\t\t<p>Lucarne en zinc \u00e0 tasseaux<\/p>\n\t\t\t\t\t\t\t\t\t\t<\/div>\n\t\t\t\t\t\t\t\t\t<\/div>\n\t\t\t\t\t\t\t\t<\/div>    \n\t\t\t\t\t\t\t<\/div>\n\t\t\t\t\t\t\t<!--End Single Gallery Item-->\n\t\t\t\t\t\t\t\t\t\t\t\t\t\t\n\t\t\t\t\t\t<\/div>\n\t\t\t\t\t\t<!--End Item-->\n\n\t\t\t\t\t\t<!--Start Item-->\n\t\t\t\t\t\t<div class=\"item\">\n\t\t\t\t\t\t\t\n\t\t\t\t\t\t\t\t\t\t\t\t\t\t<!--Start Single Gallery Item-->\n\t\t\t\t\t\t\t<div class=\"single-project-item\">\n\t\t\t\t\t\t\t\t<div class=\"img-holder\">\n\t\t\t\t\t\t\t\t\t<img decoding=\"async\" src=\"https:\/\/rossetto-couvreur.fr\/wp-content\/uploads\/2024\/02\/IMG_8669.jpeg\" alt=\"\">\n\t\t\t\t\t\t\t\t\t<div class=\"overlay-content text-center\">\n\t\t\t\t\t\t\t\t\t\t<div class=\"zoom-button\">\n\t\t\t\t\t\t\t\t\t\t\t<a class=\"lightbox-image\" data-fancybox=\"gallery\" href=\"https:\/\/rossetto-couvreur.fr\/wp-content\/uploads\/2024\/02\/IMG_8669.jpeg\">\n\t\t\t\t\t\t\t\t\t\t\t\t<i class=\"flaticon-plus\"><\/i>\n\t\t\t\t\t\t\t\t\t\t\t<\/a>\n\t\t\t\t\t\t\t\t\t\t<\/div>\n\t\t\t\t\t\t\t\t\t\t<div class=\"inner\">\n\t\t\t\t\t\t\t\t\t\t\t<h4><a href=\"\">Zinguerie<\/a><\/h4>\n\t\t\t\t\t\t\t\t\t\t\t<p>Entourage de chemin\u00e9e en zinc r\u00e9alis\u00e9 selon la m\u00e9thode traditionnelle, avec des rives en zinc \u00e0 ourlet.<\/p>\n\t\t\t\t\t\t\t\t\t\t<\/div>\n\t\t\t\t\t\t\t\t\t<\/div>\n\t\t\t\t\t\t\t\t<\/div>    \n\t\t\t\t\t\t\t<\/div>\n\t\t\t\t\t\t\t<!--End Single Gallery Item-->\n\t\t\t\t\t\t\t\t\t\t\t\t\t\t<!--Start Single Gallery Item-->\n\t\t\t\t\t\t\t<div class=\"single-project-item\">\n\t\t\t\t\t\t\t\t<div class=\"img-holder\">\n\t\t\t\t\t\t\t\t\t<img decoding=\"async\" src=\"https:\/\/rossetto-couvreur.fr\/wp-content\/uploads\/2025\/03\/lucarne-toiture-ardoise-e1742157439399.jpg\" alt=\"\">\n\t\t\t\t\t\t\t\t\t<div class=\"overlay-content text-center\">\n\t\t\t\t\t\t\t\t\t\t<div class=\"zoom-button\">\n\t\t\t\t\t\t\t\t\t\t\t<a class=\"lightbox-image\" data-fancybox=\"gallery\" href=\"https:\/\/rossetto-couvreur.fr\/wp-content\/uploads\/2025\/03\/lucarne-toiture-ardoise-e1742157439399.jpg\">\n\t\t\t\t\t\t\t\t\t\t\t\t<i class=\"flaticon-plus\"><\/i>\n\t\t\t\t\t\t\t\t\t\t\t<\/a>\n\t\t\t\t\t\t\t\t\t\t<\/div>\n\t\t\t\t\t\t\t\t\t\t<div class=\"inner\">\n\t\t\t\t\t\t\t\t\t\t\t<h4><a href=\"\">Zinguerie<\/a><\/h4>\n\t\t\t\t\t\t\t\t\t\t\t<p>Gros plan sur l'une des lucarnes \u00e0 fronton int\u00e9gr\u00e9 \u00e0 la nouvelle toiture en ardoise. Le travail de zinguerie autour de la lucarne assure une parfaite \u00e9tanch\u00e9it\u00e9 et une finition esth\u00e9tique.<\/p>\n\t\t\t\t\t\t\t\t\t\t<\/div>\n\t\t\t\t\t\t\t\t\t<\/div>\n\t\t\t\t\t\t\t\t<\/div>    \n\t\t\t\t\t\t\t<\/div>\n\t\t\t\t\t\t\t<!--End Single Gallery Item-->\n\t\t\t\t\t\t\t\t\t\t\t\t\t\t\n\t\t\t\t\t\t<\/div>\n\t\t\t\t\t\t<!--End Item-->\n\n\t\t\t\t\t\t<!--Start Item-->\n\t\t\t\t\t\t<div class=\"item\">\n\t\t\t\t\t\t\n\t\t\t\t\t\t\t\t\t\t\t\t\t\t<!--Start Single Gallery Item-->\n\t\t\t\t\t\t\t<div class=\"single-project-item\">\n\t\t\t\t\t\t\t\t<div class=\"img-holder\">\n\t\t\t\t\t\t\t\t\t<img decoding=\"async\" src=\"\" alt=\"\">\n\t\t\t\t\t\t\t\t\t<div class=\"overlay-content text-center\">\n\t\t\t\t\t\t\t\t\t\t<div class=\"zoom-button\">\n\t\t\t\t\t\t\t\t\t\t\t<a class=\"lightbox-image\" data-fancybox=\"gallery\" href=\"\">\n\t\t\t\t\t\t\t\t\t\t\t\t<i class=\"flaticon-plus\"><\/i>\n\t\t\t\t\t\t\t\t\t\t\t<\/a>\n\t\t\t\t\t\t\t\t\t\t<\/div>\n\t\t\t\t\t\t\t\t\t\t<div class=\"inner\">\n\t\t\t\t\t\t\t\t\t\t\t<h4><a href=\"\">Projects Completed<\/a><\/h4>\n\t\t\t\t\t\t\t\t\t\t\t<p><\/p>\n\t\t\t\t\t\t\t\t\t\t<\/div>\n\t\t\t\t\t\t\t\t\t<\/div>\n\t\t\t\t\t\t\t\t<\/div>    \n\t\t\t\t\t\t\t<\/div>\n\t\t\t\t\t\t\t<!--End Single Gallery Item-->\n\t\t\t\t\t\t\t\t\t\t\t\t\t\t\n\t\t\t\t\t\t<\/div>\n\t\t\t\t\t\t<!--End Item-->\n\n\t\t\t\t\t\t<!--Start Item-->\n\t\t\t\t\t\t<div class=\"item\">\n\t\t\t\t\t\t\n\t\t\t\t\t\t\t\t\t\t\t\t\t\t<!--Start Single Gallery Item-->\n\t\t\t\t\t\t\t<div class=\"single-project-item\">\n\t\t\t\t\t\t\t\t<div class=\"img-holder\">\n\t\t\t\t\t\t\t\t\t<img decoding=\"async\" src=\"\" alt=\"\">\n\t\t\t\t\t\t\t\t\t<div class=\"overlay-content text-center\">\n\t\t\t\t\t\t\t\t\t\t<div class=\"zoom-button\">\n\t\t\t\t\t\t\t\t\t\t\t<a class=\"lightbox-image\" data-fancybox=\"gallery\" href=\"\">\n\t\t\t\t\t\t\t\t\t\t\t\t<i class=\"flaticon-plus\"><\/i>\n\t\t\t\t\t\t\t\t\t\t\t<\/a>\n\t\t\t\t\t\t\t\t\t\t<\/div>\n\t\t\t\t\t\t\t\t\t\t<div class=\"inner\">\n\t\t\t\t\t\t\t\t\t\t\t<h4><a href=\"\">Projects Completed<\/a><\/h4>\n\t\t\t\t\t\t\t\t\t\t\t<p><\/p>\n\t\t\t\t\t\t\t\t\t\t<\/div>\n\t\t\t\t\t\t\t\t\t<\/div>\n\t\t\t\t\t\t\t\t<\/div>    \n\t\t\t\t\t\t\t<\/div>\n\t\t\t\t\t\t\t<!--End Single Gallery Item-->\n\t\t\t\t\t\t\t\t\t\t\t\t\t\t\n\t\t\t\t\t\t<\/div>\n\t\t\t\t\t\t<!--End Item-->\n\n\t\t\t\t\t<\/div>\n\t\t\t\t\t<\/div>\n\t\t\t\t<\/div>\n\t\t\t<\/div>\n\t\t<\/section>\n\t\t<!--End Project Style1 Area-->\n             \n\t\t\t\t\t\t<\/div>\n\t\t\t\t<\/div>\n\t\t\t\t\t<\/div>\n\t\t<\/div>\n\t\t\t\t\t<\/div>\n\t\t<\/section>\n\t\t\t\t<\/div>\n\t\t","protected":false},"excerpt":{"rendered":"<p>Zinguerie Remplacement des goutti\u00e8res sur une ancienne couverture en zinc. Zinguerie Entourage de chemin\u00e9e en plomb sur demande du client Zinguerie Installation traditionnelle d&rsquo;un entourage de chemin\u00e9e en zinc sur ardoise, avec solin en mortier. Zinguerie Lucarne en zinc \u00e0 tasseaux Zinguerie Entourage de chemin\u00e9e en zinc r\u00e9alis\u00e9 selon la m\u00e9thode traditionnelle, avec des rives [&hellip;]<\/p>\n","protected":false},"author":1,"featured_media":0,"parent":0,"menu_order":0,"comment_status":"closed","ping_status":"closed","template":"elementor_header_footer","meta":{"footnotes":""},"class_list":["post-4673","page","type-page","status-publish","hentry"],"yoast_head":"<!-- This site is optimized with the Yoast SEO plugin v21.6 - https:\/\/yoast.com\/wordpress\/plugins\/seo\/ -->\n<title>R\u00e9alisations zinguerie - Rossetto couvreur<\/title>\n<meta name=\"robots\" content=\"index, follow, max-snippet:-1, max-image-preview:large, max-video-preview:-1\" \/>\n<link rel=\"canonical\" href=\"http:\/\/rossetto-couvreur.fr\/index.php\/realisations-zinguerie\/\" \/>\n<meta property=\"og:locale\" content=\"fr_FR\" \/>\n<meta property=\"og:type\" content=\"article\" \/>\n<meta property=\"og:title\" content=\"R\u00e9alisations zinguerie - Rossetto couvreur\" \/>\n<meta property=\"og:description\" content=\"Zinguerie Remplacement des goutti\u00e8res sur une ancienne couverture en zinc. Zinguerie Entourage de chemin\u00e9e en plomb sur demande du client Zinguerie Installation traditionnelle d&rsquo;un entourage de chemin\u00e9e en zinc sur ardoise, avec solin en mortier. Zinguerie Lucarne en zinc \u00e0 tasseaux Zinguerie Entourage de chemin\u00e9e en zinc r\u00e9alis\u00e9 selon la m\u00e9thode traditionnelle, avec des rives [&hellip;]\" \/>\n<meta property=\"og:url\" content=\"http:\/\/rossetto-couvreur.fr\/index.php\/realisations-zinguerie\/\" \/>\n<meta property=\"og:site_name\" content=\"Rossetto couvreur\" \/>\n<meta property=\"article:modified_time\" content=\"2025-03-16T20:09:39+00:00\" \/>\n<meta property=\"og:image\" content=\"http:\/\/rossetto-couvreur.fr\/wp-content\/uploads\/2024\/02\/IMG_9045-e1707994027942.png\" \/>\n<meta name=\"twitter:card\" content=\"summary_large_image\" \/>\n<meta name=\"twitter:label1\" content=\"Dur\u00e9e de lecture estim\u00e9e\" \/>\n\t<meta name=\"twitter:data1\" content=\"5 minutes\" \/>\n<script type=\"application\/ld+json\" class=\"yoast-schema-graph\">{\"@context\":\"https:\/\/schema.org\",\"@graph\":[{\"@type\":\"WebPage\",\"@id\":\"http:\/\/rossetto-couvreur.fr\/index.php\/realisations-zinguerie\/\",\"url\":\"http:\/\/rossetto-couvreur.fr\/index.php\/realisations-zinguerie\/\",\"name\":\"R\u00e9alisations zinguerie - Rossetto couvreur\",\"isPartOf\":{\"@id\":\"http:\/\/rossetto-couvreur.fr\/#website\"},\"datePublished\":\"2024-02-15T09:16:49+00:00\",\"dateModified\":\"2025-03-16T20:09:39+00:00\",\"breadcrumb\":{\"@id\":\"http:\/\/rossetto-couvreur.fr\/index.php\/realisations-zinguerie\/#breadcrumb\"},\"inLanguage\":\"fr-FR\",\"potentialAction\":[{\"@type\":\"ReadAction\",\"target\":[\"http:\/\/rossetto-couvreur.fr\/index.php\/realisations-zinguerie\/\"]}]},{\"@type\":\"BreadcrumbList\",\"@id\":\"http:\/\/rossetto-couvreur.fr\/index.php\/realisations-zinguerie\/#breadcrumb\",\"itemListElement\":[{\"@type\":\"ListItem\",\"position\":1,\"name\":\"Accueil\",\"item\":\"http:\/\/rossetto-couvreur.fr\/\"},{\"@type\":\"ListItem\",\"position\":2,\"name\":\"R\u00e9alisations zinguerie\"}]},{\"@type\":\"WebSite\",\"@id\":\"http:\/\/rossetto-couvreur.fr\/#website\",\"url\":\"http:\/\/rossetto-couvreur.fr\/\",\"name\":\"Rossetto couvreur\",\"description\":\"\",\"potentialAction\":[{\"@type\":\"SearchAction\",\"target\":{\"@type\":\"EntryPoint\",\"urlTemplate\":\"http:\/\/rossetto-couvreur.fr\/?s={search_term_string}\"},\"query-input\":\"required name=search_term_string\"}],\"inLanguage\":\"fr-FR\"}]}<\/script>\n<!-- \/ Yoast SEO plugin. -->","yoast_head_json":{"title":"R\u00e9alisations zinguerie - Rossetto couvreur","robots":{"index":"index","follow":"follow","max-snippet":"max-snippet:-1","max-image-preview":"max-image-preview:large","max-video-preview":"max-video-preview:-1"},"canonical":"http:\/\/rossetto-couvreur.fr\/index.php\/realisations-zinguerie\/","og_locale":"fr_FR","og_type":"article","og_title":"R\u00e9alisations zinguerie - Rossetto couvreur","og_description":"Zinguerie Remplacement des goutti\u00e8res sur une ancienne couverture en zinc. Zinguerie Entourage de chemin\u00e9e en plomb sur demande du client Zinguerie Installation traditionnelle d&rsquo;un entourage de chemin\u00e9e en zinc sur ardoise, avec solin en mortier. Zinguerie Lucarne en zinc \u00e0 tasseaux Zinguerie Entourage de chemin\u00e9e en zinc r\u00e9alis\u00e9 selon la m\u00e9thode traditionnelle, avec des rives [&hellip;]","og_url":"http:\/\/rossetto-couvreur.fr\/index.php\/realisations-zinguerie\/","og_site_name":"Rossetto couvreur","article_modified_time":"2025-03-16T20:09:39+00:00","og_image":[{"url":"http:\/\/rossetto-couvreur.fr\/wp-content\/uploads\/2024\/02\/IMG_9045-e1707994027942.png"}],"twitter_card":"summary_large_image","twitter_misc":{"Dur\u00e9e de lecture estim\u00e9e":"5 minutes"},"schema":{"@context":"https:\/\/schema.org","@graph":[{"@type":"WebPage","@id":"http:\/\/rossetto-couvreur.fr\/index.php\/realisations-zinguerie\/","url":"http:\/\/rossetto-couvreur.fr\/index.php\/realisations-zinguerie\/","name":"R\u00e9alisations zinguerie - Rossetto couvreur","isPartOf":{"@id":"http:\/\/rossetto-couvreur.fr\/#website"},"datePublished":"2024-02-15T09:16:49+00:00","dateModified":"2025-03-16T20:09:39+00:00","breadcrumb":{"@id":"http:\/\/rossetto-couvreur.fr\/index.php\/realisations-zinguerie\/#breadcrumb"},"inLanguage":"fr-FR","potentialAction":[{"@type":"ReadAction","target":["http:\/\/rossetto-couvreur.fr\/index.php\/realisations-zinguerie\/"]}]},{"@type":"BreadcrumbList","@id":"http:\/\/rossetto-couvreur.fr\/index.php\/realisations-zinguerie\/#breadcrumb","itemListElement":[{"@type":"ListItem","position":1,"name":"Accueil","item":"http:\/\/rossetto-couvreur.fr\/"},{"@type":"ListItem","position":2,"name":"R\u00e9alisations zinguerie"}]},{"@type":"WebSite","@id":"http:\/\/rossetto-couvreur.fr\/#website","url":"http:\/\/rossetto-couvreur.fr\/","name":"Rossetto couvreur","description":"","potentialAction":[{"@type":"SearchAction","target":{"@type":"EntryPoint","urlTemplate":"http:\/\/rossetto-couvreur.fr\/?s={search_term_string}"},"query-input":"required name=search_term_string"}],"inLanguage":"fr-FR"}]}},"_links":{"self":[{"href":"https:\/\/rossetto-couvreur.fr\/index.php\/wp-json\/wp\/v2\/pages\/4673","targetHints":{"allow":["GET"]}}],"collection":[{"href":"https:\/\/rossetto-couvreur.fr\/index.php\/wp-json\/wp\/v2\/pages"}],"about":[{"href":"https:\/\/rossetto-couvreur.fr\/index.php\/wp-json\/wp\/v2\/types\/page"}],"author":[{"embeddable":true,"href":"https:\/\/rossetto-couvreur.fr\/index.php\/wp-json\/wp\/v2\/users\/1"}],"replies":[{"embeddable":true,"href":"https:\/\/rossetto-couvreur.fr\/index.php\/wp-json\/wp\/v2\/comments?post=4673"}],"version-history":[{"count":25,"href":"https:\/\/rossetto-couvreur.fr\/index.php\/wp-json\/wp\/v2\/pages\/4673\/revisions"}],"predecessor-version":[{"id":4917,"href":"https:\/\/rossetto-couvreur.fr\/index.php\/wp-json\/wp\/v2\/pages\/4673\/revisions\/4917"}],"wp:attachment":[{"href":"https:\/\/rossetto-couvreur.fr\/index.php\/wp-json\/wp\/v2\/media?parent=4673"}],"curies":[{"name":"wp","href":"https:\/\/api.w.org\/{rel}","templated":true}]}}