{"id":4693,"date":"2024-02-15T10:22:40","date_gmt":"2024-02-15T09:22:40","guid":{"rendered":"https:\/\/rossetto-couvreur.fr\/?page_id=4693"},"modified":"2024-05-24T02:14:01","modified_gmt":"2024-05-24T00:14:01","slug":"realisations-fenetre-de-toit","status":"publish","type":"page","link":"https:\/\/rossetto-couvreur.fr\/index.php\/realisations-fenetre-de-toit\/","title":{"rendered":"R\u00e9alisations fen\u00eatre de to\u00eet"},"content":{"rendered":"\t\t<div data-elementor-type=\"wp-page\" data-elementor-id=\"4693\" class=\"elementor elementor-4693\">\n\t\t\t\t\t\t<section class=\"elementor-section elementor-top-section elementor-element elementor-element-47132b5 elementor-section-full_width elementor-section-height-default elementor-section-height-default\" data-id=\"47132b5\" data-element_type=\"section\" data-e-type=\"section\">\n\t\t\t\t\t\t<div class=\"elementor-container elementor-column-gap-default\">\n\t\t\t\t\t<div class=\"elementor-column elementor-col-100 elementor-top-column elementor-element elementor-element-73fbdd7\" data-id=\"73fbdd7\" data-element_type=\"column\" data-e-type=\"column\">\n\t\t\t<div class=\"elementor-widget-wrap elementor-element-populated\">\n\t\t\t\t\t\t<div class=\"elementor-element elementor-element-e02c22f elementor-widget elementor-widget-roofplan_h1_gallery\" data-id=\"e02c22f\" data-element_type=\"widget\" data-e-type=\"widget\" data-widget_type=\"roofplan_h1_gallery.default\">\n\t\t\t\t<div class=\"elementor-widget-container\">\n\t\t\t\t\t\t\t\n\n     <script>\n jQuery(document).ready(function($) {\n\n\/\/put the js code under this line \n\n\/\/ One Item Carousel\nif ($(\".one-item-carousel\").length) {\n    $(\".one-item-carousel\").owlCarousel({\n        loop: true,\n        margin: 30,\n        dots: false,\n        nav: true,\n        stagePadding: 0,\n        singleItem:true,\n        smartSpeed: 500,\n        autoplay: true,\n        autoplayTimeout:6000,\n        responsive:{\n            0:{\n                items:1\n            },\n            768:{\n                items:1\n            },\n            850:{\n                items:1\n            },\n            991:{\n                items:2\n            },\n            1300:{\n                items:3\n            },\n            1700:{\n                items:4\n            }\n        }\n    });    \t\t\n}\n\n\/\/put the code above the line \n\n      });\n  <\/script>        \n\t\t<!--Start Project Style1 Area-->\n\t\t<section class=\"project-style1-area \">\n\t\t\t<div class=\"container\">\n\t\t\t\t<div class=\"row\">\n\t\t\t\t\t<div class=\"col-xl-12\">\n\t\t\t\t\t\t<div class=\"project-top-title\">\n\t\t\t\t\t\t\t\t\t\t\t\t\t<\/div>\n\t\t\t\t\t<\/div>\n\t\t\t\t<\/div>\n\t\t\t<\/div>\n\n\t\t\t<div class=\"auto-container\">\n\t\t\t\t<div class=\"row\">\n\t\t\t\t\t<div class=\"col-xl-12\">\n\t\t\t\t\t\t<div class=\"owl-carousel owl-theme one-item-carousel owl-nav-style-one project-style1-carousel\">\n\t\t\t\t\t\t<!--Start Item-->\n\t\t\t\t\t\t<div class=\"item\">\n\t\t\t\t\t\t\t\t\t\t\t\t\t\t<!--Start Single Gallery Item-->\n\t\t\t\t\t\t\t<div class=\"single-project-item\">\n\t\t\t\t\t\t\t\t<div class=\"img-holder\">\n\t\t\t\t\t\t\t\t\t<img decoding=\"async\" src=\"https:\/\/rossetto-couvreur.fr\/wp-content\/uploads\/2023\/12\/fenetre-de-toit.png\" alt=\"\">\n\t\t\t\t\t\t\t\t\t<div class=\"overlay-content text-center\">\n\t\t\t\t\t\t\t\t\t\t<div class=\"zoom-button\">\n\t\t\t\t\t\t\t\t\t\t\t<a class=\"lightbox-image\" data-fancybox=\"gallery\" href=\"https:\/\/rossetto-couvreur.fr\/wp-content\/uploads\/2023\/12\/fenetre-de-toit.png\">\n\t\t\t\t\t\t\t\t\t\t\t\t<i class=\"flaticon-plus\"><\/i>\n\t\t\t\t\t\t\t\t\t\t\t<\/a>\n\t\t\t\t\t\t\t\t\t\t<\/div>\n\t\t\t\t\t\t\t\t\t\t<div class=\"inner\">\n\t\t\t\t\t\t\t\t\t\t\t<h4><a href=\"\">Fen\u00eatre de toit<\/a><\/h4>\n\t\t\t\t\t\t\t\t\t\t\t<p>Installation de 2 Velux<\/p>\n\t\t\t\t\t\t\t\t\t\t<\/div>\n\t\t\t\t\t\t\t\t\t<\/div>\n\t\t\t\t\t\t\t\t<\/div>    \n\t\t\t\t\t\t\t<\/div>\n\t\t\t\t\t\t\t<!--End Single Gallery Item-->\n\t\t\t\t\t\t\t\t\t\t\t\t\t\t<!--Start Single Gallery Item-->\n\t\t\t\t\t\t\t<div class=\"single-project-item\">\n\t\t\t\t\t\t\t\t<div class=\"img-holder\">\n\t\t\t\t\t\t\t\t\t<img decoding=\"async\" src=\"https:\/\/rossetto-couvreur.fr\/wp-content\/uploads\/2024\/04\/IMG_9739.png\" alt=\"\">\n\t\t\t\t\t\t\t\t\t<div class=\"overlay-content text-center\">\n\t\t\t\t\t\t\t\t\t\t<div class=\"zoom-button\">\n\t\t\t\t\t\t\t\t\t\t\t<a class=\"lightbox-image\" data-fancybox=\"gallery\" href=\"https:\/\/rossetto-couvreur.fr\/wp-content\/uploads\/2024\/04\/IMG_9739.png\">\n\t\t\t\t\t\t\t\t\t\t\t\t<i class=\"flaticon-plus\"><\/i>\n\t\t\t\t\t\t\t\t\t\t\t<\/a>\n\t\t\t\t\t\t\t\t\t\t<\/div>\n\t\t\t\t\t\t\t\t\t\t<div class=\"inner\">\n\t\t\t\t\t\t\t\t\t\t\t<h4><a href=\"\">Fen\u00eatre de toit<\/a><\/h4>\n\t\t\t\t\t\t\t\t\t\t\t<p>R\u00e9novation en tuiles plates avec verri\u00e8re 3 en 1<\/p>\n\t\t\t\t\t\t\t\t\t\t<\/div>\n\t\t\t\t\t\t\t\t\t<\/div>\n\t\t\t\t\t\t\t\t<\/div>    \n\t\t\t\t\t\t\t<\/div>\n\t\t\t\t\t\t\t<!--End Single Gallery Item-->\n\t\t\t\t\t\t\t\t\t\t\t\t\t<\/div>\n\t\t\t\t\t\t<!--End Item-->\n\n\t\t\t\t\t\t<!--Start Item-->\n\t\t\t\t\t\t<div class=\"item\">\n\t\t\t\t\t\t\n\t\t\t\t\t\t\t\t\t\t\t\t\t\t<!--Start Single Gallery Item-->\n\t\t\t\t\t\t\t<div class=\"single-project-item\">\n\t\t\t\t\t\t\t\t<div class=\"img-holder\">\n\t\t\t\t\t\t\t\t\t<img decoding=\"async\" src=\"https:\/\/rossetto-couvreur.fr\/wp-content\/uploads\/2024\/05\/installation-fenetre-toit-toiture-zinc-couverture-tasseaux.png\" alt=\"\">\n\t\t\t\t\t\t\t\t\t<div class=\"overlay-content text-center\">\n\t\t\t\t\t\t\t\t\t\t<div class=\"zoom-button\">\n\t\t\t\t\t\t\t\t\t\t\t<a class=\"lightbox-image\" data-fancybox=\"gallery\" href=\"https:\/\/rossetto-couvreur.fr\/wp-content\/uploads\/2024\/05\/installation-fenetre-toit-toiture-zinc-couverture-tasseaux.png\">\n\t\t\t\t\t\t\t\t\t\t\t\t<i class=\"flaticon-plus\"><\/i>\n\t\t\t\t\t\t\t\t\t\t\t<\/a>\n\t\t\t\t\t\t\t\t\t\t<\/div>\n\t\t\t\t\t\t\t\t\t\t<div class=\"inner\">\n\t\t\t\t\t\t\t\t\t\t\t<h4><a href=\"\">Fen\u00eatre de toit<\/a><\/h4>\n\t\t\t\t\t\t\t\t\t\t\t<p>Installation d'une fen\u00eatre de toit sur une toiture en zinc avec couverture \u00e0 tasseaux. La toiture en zinc est durable et esth\u00e9tique, ajoutant une touche moderne \u00e0 l'architecture de la maison.<\/p>\n\t\t\t\t\t\t\t\t\t\t<\/div>\n\t\t\t\t\t\t\t\t\t<\/div>\n\t\t\t\t\t\t\t\t<\/div>    \n\t\t\t\t\t\t\t<\/div>\n\t\t\t\t\t\t\t<!--End Single Gallery Item-->\n\t\t\t\t\t\t\t\t\t\t\t\t\t\t\n\t\t\t\t\t\t<\/div>\n\t\t\t\t\t\t<!--End Item-->\n\n\t\t\t\t\t\t<!--Start Item-->\n\t\t\t\t\t\t<div class=\"item\">\n\t\t\t\t\t\t\t\n\t\t\t\t\t\t\t\t\t\t\t\t\t\t<!--Start Single Gallery Item-->\n\t\t\t\t\t\t\t<div class=\"single-project-item\">\n\t\t\t\t\t\t\t\t<div class=\"img-holder\">\n\t\t\t\t\t\t\t\t\t<img decoding=\"async\" src=\"\" alt=\"\">\n\t\t\t\t\t\t\t\t\t<div class=\"overlay-content text-center\">\n\t\t\t\t\t\t\t\t\t\t<div class=\"zoom-button\">\n\t\t\t\t\t\t\t\t\t\t\t<a class=\"lightbox-image\" data-fancybox=\"gallery\" href=\"\">\n\t\t\t\t\t\t\t\t\t\t\t\t<i class=\"flaticon-plus\"><\/i>\n\t\t\t\t\t\t\t\t\t\t\t<\/a>\n\t\t\t\t\t\t\t\t\t\t<\/div>\n\t\t\t\t\t\t\t\t\t\t<div class=\"inner\">\n\t\t\t\t\t\t\t\t\t\t\t<h4><a href=\"\">Projects Completed<\/a><\/h4>\n\t\t\t\t\t\t\t\t\t\t\t<p><\/p>\n\t\t\t\t\t\t\t\t\t\t<\/div>\n\t\t\t\t\t\t\t\t\t<\/div>\n\t\t\t\t\t\t\t\t<\/div>    \n\t\t\t\t\t\t\t<\/div>\n\t\t\t\t\t\t\t<!--End Single Gallery Item-->\n\t\t\t\t\t\t\t\t\t\t\t\t\t\t\n\t\t\t\t\t\t<\/div>\n\t\t\t\t\t\t<!--End Item-->\n\n\t\t\t\t\t\t<!--Start Item-->\n\t\t\t\t\t\t<div class=\"item\">\n\t\t\t\t\t\t\n\t\t\t\t\t\t\t\t\t\t\t\t\t\t<!--Start Single Gallery Item-->\n\t\t\t\t\t\t\t<div class=\"single-project-item\">\n\t\t\t\t\t\t\t\t<div class=\"img-holder\">\n\t\t\t\t\t\t\t\t\t<img decoding=\"async\" src=\"\" alt=\"\">\n\t\t\t\t\t\t\t\t\t<div class=\"overlay-content text-center\">\n\t\t\t\t\t\t\t\t\t\t<div class=\"zoom-button\">\n\t\t\t\t\t\t\t\t\t\t\t<a class=\"lightbox-image\" data-fancybox=\"gallery\" href=\"\">\n\t\t\t\t\t\t\t\t\t\t\t\t<i class=\"flaticon-plus\"><\/i>\n\t\t\t\t\t\t\t\t\t\t\t<\/a>\n\t\t\t\t\t\t\t\t\t\t<\/div>\n\t\t\t\t\t\t\t\t\t\t<div class=\"inner\">\n\t\t\t\t\t\t\t\t\t\t\t<h4><a href=\"\">Projects Completed<\/a><\/h4>\n\t\t\t\t\t\t\t\t\t\t\t<p><\/p>\n\t\t\t\t\t\t\t\t\t\t<\/div>\n\t\t\t\t\t\t\t\t\t<\/div>\n\t\t\t\t\t\t\t\t<\/div>    \n\t\t\t\t\t\t\t<\/div>\n\t\t\t\t\t\t\t<!--End Single Gallery Item-->\n\t\t\t\t\t\t\t\t\t\t\t\t\t\t\n\t\t\t\t\t\t<\/div>\n\t\t\t\t\t\t<!--End Item-->\n\n\t\t\t\t\t\t<!--Start Item-->\n\t\t\t\t\t\t<div class=\"item\">\n\t\t\t\t\t\t\n\t\t\t\t\t\t\t\t\t\t\t\t\t\t<!--Start Single Gallery Item-->\n\t\t\t\t\t\t\t<div class=\"single-project-item\">\n\t\t\t\t\t\t\t\t<div class=\"img-holder\">\n\t\t\t\t\t\t\t\t\t<img decoding=\"async\" src=\"\" alt=\"\">\n\t\t\t\t\t\t\t\t\t<div class=\"overlay-content text-center\">\n\t\t\t\t\t\t\t\t\t\t<div class=\"zoom-button\">\n\t\t\t\t\t\t\t\t\t\t\t<a class=\"lightbox-image\" data-fancybox=\"gallery\" href=\"\">\n\t\t\t\t\t\t\t\t\t\t\t\t<i class=\"flaticon-plus\"><\/i>\n\t\t\t\t\t\t\t\t\t\t\t<\/a>\n\t\t\t\t\t\t\t\t\t\t<\/div>\n\t\t\t\t\t\t\t\t\t\t<div class=\"inner\">\n\t\t\t\t\t\t\t\t\t\t\t<h4><a href=\"\">Projects Completed<\/a><\/h4>\n\t\t\t\t\t\t\t\t\t\t\t<p><\/p>\n\t\t\t\t\t\t\t\t\t\t<\/div>\n\t\t\t\t\t\t\t\t\t<\/div>\n\t\t\t\t\t\t\t\t<\/div>    \n\t\t\t\t\t\t\t<\/div>\n\t\t\t\t\t\t\t<!--End Single Gallery Item-->\n\t\t\t\t\t\t\t\t\t\t\t\t\t\t\n\t\t\t\t\t\t<\/div>\n\t\t\t\t\t\t<!--End Item-->\n\n\t\t\t\t\t<\/div>\n\t\t\t\t\t<\/div>\n\t\t\t\t<\/div>\n\t\t\t<\/div>\n\t\t<\/section>\n\t\t<!--End Project Style1 Area-->\n             \n\t\t\t\t\t\t<\/div>\n\t\t\t\t<\/div>\n\t\t\t\t\t<\/div>\n\t\t<\/div>\n\t\t\t\t\t<\/div>\n\t\t<\/section>\n\t\t\t\t<\/div>\n\t\t","protected":false},"excerpt":{"rendered":"<p>Fen\u00eatre de toit Installation de 2 Velux Fen\u00eatre de toit R\u00e9novation en tuiles plates avec verri\u00e8re 3 en 1 Fen\u00eatre de toit Installation d&rsquo;une fen\u00eatre de toit sur une toiture en zinc avec couverture \u00e0 tasseaux. La toiture en zinc est durable et esth\u00e9tique, ajoutant une touche moderne \u00e0 l&rsquo;architecture de la maison. Projects Completed [&hellip;]<\/p>\n","protected":false},"author":1,"featured_media":0,"parent":0,"menu_order":0,"comment_status":"closed","ping_status":"closed","template":"elementor_header_footer","meta":{"footnotes":""},"class_list":["post-4693","page","type-page","status-publish","hentry"],"yoast_head":"<!-- This site is optimized with the Yoast SEO plugin v21.6 - https:\/\/yoast.com\/wordpress\/plugins\/seo\/ -->\n<title>R\u00e9alisations fen\u00eatre de to\u00eet - Rossetto couvreur<\/title>\n<meta name=\"robots\" content=\"index, follow, max-snippet:-1, max-image-preview:large, max-video-preview:-1\" \/>\n<link rel=\"canonical\" href=\"https:\/\/rossetto-couvreur.fr\/index.php\/realisations-fenetre-de-toit\/\" \/>\n<meta property=\"og:locale\" content=\"fr_FR\" \/>\n<meta property=\"og:type\" content=\"article\" \/>\n<meta property=\"og:title\" content=\"R\u00e9alisations fen\u00eatre de to\u00eet - Rossetto couvreur\" \/>\n<meta property=\"og:description\" content=\"Fen\u00eatre de toit Installation de 2 Velux Fen\u00eatre de toit R\u00e9novation en tuiles plates avec verri\u00e8re 3 en 1 Fen\u00eatre de toit Installation d&rsquo;une fen\u00eatre de toit sur une toiture en zinc avec couverture \u00e0 tasseaux. La toiture en zinc est durable et esth\u00e9tique, ajoutant une touche moderne \u00e0 l&rsquo;architecture de la maison. Projects Completed [&hellip;]\" \/>\n<meta property=\"og:url\" content=\"https:\/\/rossetto-couvreur.fr\/index.php\/realisations-fenetre-de-toit\/\" \/>\n<meta property=\"og:site_name\" content=\"Rossetto couvreur\" \/>\n<meta property=\"article:modified_time\" content=\"2024-05-24T00:14:01+00:00\" \/>\n<meta property=\"og:image\" content=\"http:\/\/rossetto-couvreur.fr\/wp-content\/uploads\/2023\/12\/fenetre-de-toit.png\" \/>\n<meta name=\"twitter:card\" content=\"summary_large_image\" \/>\n<meta name=\"twitter:label1\" content=\"Dur\u00e9e de lecture estim\u00e9e\" \/>\n\t<meta name=\"twitter:data1\" content=\"4 minutes\" \/>\n<script type=\"application\/ld+json\" class=\"yoast-schema-graph\">{\"@context\":\"https:\/\/schema.org\",\"@graph\":[{\"@type\":\"WebPage\",\"@id\":\"https:\/\/rossetto-couvreur.fr\/index.php\/realisations-fenetre-de-toit\/\",\"url\":\"https:\/\/rossetto-couvreur.fr\/index.php\/realisations-fenetre-de-toit\/\",\"name\":\"R\u00e9alisations fen\u00eatre de to\u00eet - Rossetto couvreur\",\"isPartOf\":{\"@id\":\"https:\/\/rossetto-couvreur.fr\/#website\"},\"datePublished\":\"2024-02-15T09:22:40+00:00\",\"dateModified\":\"2024-05-24T00:14:01+00:00\",\"breadcrumb\":{\"@id\":\"https:\/\/rossetto-couvreur.fr\/index.php\/realisations-fenetre-de-toit\/#breadcrumb\"},\"inLanguage\":\"fr-FR\",\"potentialAction\":[{\"@type\":\"ReadAction\",\"target\":[\"https:\/\/rossetto-couvreur.fr\/index.php\/realisations-fenetre-de-toit\/\"]}]},{\"@type\":\"BreadcrumbList\",\"@id\":\"https:\/\/rossetto-couvreur.fr\/index.php\/realisations-fenetre-de-toit\/#breadcrumb\",\"itemListElement\":[{\"@type\":\"ListItem\",\"position\":1,\"name\":\"Accueil\",\"item\":\"https:\/\/rossetto-couvreur.fr\/\"},{\"@type\":\"ListItem\",\"position\":2,\"name\":\"R\u00e9alisations fen\u00eatre de to\u00eet\"}]},{\"@type\":\"WebSite\",\"@id\":\"https:\/\/rossetto-couvreur.fr\/#website\",\"url\":\"https:\/\/rossetto-couvreur.fr\/\",\"name\":\"Rossetto couvreur\",\"description\":\"\",\"potentialAction\":[{\"@type\":\"SearchAction\",\"target\":{\"@type\":\"EntryPoint\",\"urlTemplate\":\"https:\/\/rossetto-couvreur.fr\/?s={search_term_string}\"},\"query-input\":\"required name=search_term_string\"}],\"inLanguage\":\"fr-FR\"}]}<\/script>\n<!-- \/ Yoast SEO plugin. -->","yoast_head_json":{"title":"R\u00e9alisations fen\u00eatre de to\u00eet - Rossetto couvreur","robots":{"index":"index","follow":"follow","max-snippet":"max-snippet:-1","max-image-preview":"max-image-preview:large","max-video-preview":"max-video-preview:-1"},"canonical":"https:\/\/rossetto-couvreur.fr\/index.php\/realisations-fenetre-de-toit\/","og_locale":"fr_FR","og_type":"article","og_title":"R\u00e9alisations fen\u00eatre de to\u00eet - Rossetto couvreur","og_description":"Fen\u00eatre de toit Installation de 2 Velux Fen\u00eatre de toit R\u00e9novation en tuiles plates avec verri\u00e8re 3 en 1 Fen\u00eatre de toit Installation d&rsquo;une fen\u00eatre de toit sur une toiture en zinc avec couverture \u00e0 tasseaux. La toiture en zinc est durable et esth\u00e9tique, ajoutant une touche moderne \u00e0 l&rsquo;architecture de la maison. Projects Completed [&hellip;]","og_url":"https:\/\/rossetto-couvreur.fr\/index.php\/realisations-fenetre-de-toit\/","og_site_name":"Rossetto couvreur","article_modified_time":"2024-05-24T00:14:01+00:00","og_image":[{"url":"http:\/\/rossetto-couvreur.fr\/wp-content\/uploads\/2023\/12\/fenetre-de-toit.png"}],"twitter_card":"summary_large_image","twitter_misc":{"Dur\u00e9e de lecture estim\u00e9e":"4 minutes"},"schema":{"@context":"https:\/\/schema.org","@graph":[{"@type":"WebPage","@id":"https:\/\/rossetto-couvreur.fr\/index.php\/realisations-fenetre-de-toit\/","url":"https:\/\/rossetto-couvreur.fr\/index.php\/realisations-fenetre-de-toit\/","name":"R\u00e9alisations fen\u00eatre de to\u00eet - Rossetto couvreur","isPartOf":{"@id":"https:\/\/rossetto-couvreur.fr\/#website"},"datePublished":"2024-02-15T09:22:40+00:00","dateModified":"2024-05-24T00:14:01+00:00","breadcrumb":{"@id":"https:\/\/rossetto-couvreur.fr\/index.php\/realisations-fenetre-de-toit\/#breadcrumb"},"inLanguage":"fr-FR","potentialAction":[{"@type":"ReadAction","target":["https:\/\/rossetto-couvreur.fr\/index.php\/realisations-fenetre-de-toit\/"]}]},{"@type":"BreadcrumbList","@id":"https:\/\/rossetto-couvreur.fr\/index.php\/realisations-fenetre-de-toit\/#breadcrumb","itemListElement":[{"@type":"ListItem","position":1,"name":"Accueil","item":"https:\/\/rossetto-couvreur.fr\/"},{"@type":"ListItem","position":2,"name":"R\u00e9alisations fen\u00eatre de to\u00eet"}]},{"@type":"WebSite","@id":"https:\/\/rossetto-couvreur.fr\/#website","url":"https:\/\/rossetto-couvreur.fr\/","name":"Rossetto couvreur","description":"","potentialAction":[{"@type":"SearchAction","target":{"@type":"EntryPoint","urlTemplate":"https:\/\/rossetto-couvreur.fr\/?s={search_term_string}"},"query-input":"required name=search_term_string"}],"inLanguage":"fr-FR"}]}},"_links":{"self":[{"href":"https:\/\/rossetto-couvreur.fr\/index.php\/wp-json\/wp\/v2\/pages\/4693","targetHints":{"allow":["GET"]}}],"collection":[{"href":"https:\/\/rossetto-couvreur.fr\/index.php\/wp-json\/wp\/v2\/pages"}],"about":[{"href":"https:\/\/rossetto-couvreur.fr\/index.php\/wp-json\/wp\/v2\/types\/page"}],"author":[{"embeddable":true,"href":"https:\/\/rossetto-couvreur.fr\/index.php\/wp-json\/wp\/v2\/users\/1"}],"replies":[{"embeddable":true,"href":"https:\/\/rossetto-couvreur.fr\/index.php\/wp-json\/wp\/v2\/comments?post=4693"}],"version-history":[{"count":16,"href":"https:\/\/rossetto-couvreur.fr\/index.php\/wp-json\/wp\/v2\/pages\/4693\/revisions"}],"predecessor-version":[{"id":4798,"href":"https:\/\/rossetto-couvreur.fr\/index.php\/wp-json\/wp\/v2\/pages\/4693\/revisions\/4798"}],"wp:attachment":[{"href":"https:\/\/rossetto-couvreur.fr\/index.php\/wp-json\/wp\/v2\/media?parent=4693"}],"curies":[{"name":"wp","href":"https:\/\/api.w.org\/{rel}","templated":true}]}}